{"id":10,"date":"2023-09-17T18:48:22","date_gmt":"2023-09-17T18:48:22","guid":{"rendered":"https:\/\/fronteirameubles.com\/?page_id=10"},"modified":"2025-12-15T15:43:05","modified_gmt":"2025-12-15T15:43:05","slug":"pagina-inicial","status":"publish","type":"page","link":"https:\/\/fronteirameubles.com\/fr\/","title":{"rendered":"Page d'accueil"},"content":{"rendered":"\t\t<div data-elementor-type=\"wp-page\" data-elementor-id=\"10\" class=\"elementor elementor-10\">\n\t\t\t\t<div class=\"elementor-element elementor-element-b5248d3 e-flex e-con-boxed e-con e-parent\" data-id=\"b5248d3\" data-element_type=\"container\" data-e-type=\"container\" data-settings=\"{&quot;background_background&quot;:&quot;slideshow&quot;,&quot;background_slideshow_gallery&quot;:[{&quot;id&quot;:1316,&quot;url&quot;:&quot;http:\\\/\\\/fronteirameubles.com\\\/wp-content\\\/uploads\\\/2025\\\/04\\\/DSC03352-e1745942391796.jpg&quot;},{&quot;id&quot;:1317,&quot;url&quot;:&quot;http:\\\/\\\/fronteirameubles.com\\\/wp-content\\\/uploads\\\/2025\\\/04\\\/DSC02155-2-1.png&quot;},{&quot;id&quot;:1324,&quot;url&quot;:&quot;http:\\\/\\\/fronteirameubles.com\\\/wp-content\\\/uploads\\\/2025\\\/04\\\/DSC07391.png&quot;}],&quot;background_slideshow_loop&quot;:&quot;yes&quot;,&quot;background_slideshow_slide_duration&quot;:5000,&quot;background_slideshow_slide_transition&quot;:&quot;fade&quot;,&quot;background_slideshow_transition_duration&quot;:500}\">\n\t\t\t\t\t<div class=\"e-con-inner\">\n\t\t\t\t<div class=\"elementor-element elementor-element-01a5536 elementor-widget__width-initial elementor-widget elementor-widget-heading\" data-id=\"01a5536\" data-element_type=\"widget\" data-e-type=\"widget\" data-widget_type=\"heading.default\">\n\t\t\t\t<div class=\"elementor-widget-container\">\n\t\t\t\t\t<h2 class=\"elementor-heading-title elementor-size-default\">Mobili\u00e1rio por medida que d\u00e1 forma \u00e0 vis\u00e3o de arquitetos e designers.<\/h2>\t\t\t\t<\/div>\n\t\t\t\t<\/div>\n\t\t\t\t<div class=\"elementor-element elementor-element-064e626 elementor-widget__width-initial elementor-widget elementor-widget-heading\" data-id=\"064e626\" data-element_type=\"widget\" data-e-type=\"widget\" data-widget_type=\"heading.default\">\n\t\t\t\t<div class=\"elementor-widget-container\">\n\t\t\t\t\t<h3 class=\"elementor-heading-title elementor-size-default\">Criamos pe\u00e7as \u00fanicas com materiais nobres e acabamentos de excel\u00eancia.<\/h3>\t\t\t\t<\/div>\n\t\t\t\t<\/div>\n\t\t\t\t<div class=\"elementor-element elementor-element-293b11f elementor-align-left elementor-mobile-align-center elementor-widget elementor-widget-button\" data-id=\"293b11f\" data-element_type=\"widget\" data-e-type=\"widget\" data-widget_type=\"button.default\">\n\t\t\t\t<div class=\"elementor-widget-container\">\n\t\t\t\t\t\t\t\t\t<div class=\"elementor-button-wrapper\">\n\t\t\t\t\t<a class=\"elementor-button elementor-button-link elementor-size-sm\" href=\"https:\/\/fronteirameubles.com\/projetos\/\">\n\t\t\t\t\t\t<span class=\"elementor-button-content-wrapper\">\n\t\t\t\t\t\t<span class=\"elementor-button-icon\">\n\t\t\t\t<i aria-hidden=\"true\" class=\"fas fa-long-arrow-alt-right\"><\/i>\t\t\t<\/span>\n\t\t\t\t\t\t\t\t\t<span class=\"elementor-button-text\">Veja Mais<\/span>\n\t\t\t\t\t<\/span>\n\t\t\t\t\t<\/a>\n\t\t\t\t<\/div>\n\t\t\t\t\t\t\t\t<\/div>\n\t\t\t\t<\/div>\n\t\t\t\t\t<\/div>\n\t\t\t\t<\/div>\n\t\t<div class=\"elementor-element elementor-element-b9f0370 e-flex e-con-boxed e-con e-parent\" data-id=\"b9f0370\" data-element_type=\"container\" data-e-type=\"container\" data-settings=\"{&quot;background_background&quot;:&quot;classic&quot;}\">\n\t\t\t\t\t<div class=\"e-con-inner\">\n\t\t<div class=\"elementor-element elementor-element-6901c70 e-con-full e-flex e-con e-child\" data-id=\"6901c70\" data-element_type=\"container\" data-e-type=\"container\" data-settings=\"{&quot;background_background&quot;:&quot;classic&quot;}\">\n\t\t\t\t<div class=\"elementor-element elementor-element-e2407c4 abparallaxup20 elementor-widget__width-inherit elementor-widget elementor-widget-image\" data-id=\"e2407c4\" data-element_type=\"widget\" data-e-type=\"widget\" data-widget_type=\"image.default\">\n\t\t\t\t<div class=\"elementor-widget-container\">\n\t\t\t\t\t\t\t\t\t\t\t\t\t\t\t<img fetchpriority=\"high\" decoding=\"async\" width=\"641\" height=\"960\" src=\"https:\/\/fronteirameubles.com\/wp-content\/uploads\/2025\/04\/ccc0e057-7a9a-4b23-a21f-722e0279d782.jpg\" class=\"attachment-full size-full wp-image-367\" alt=\"\" srcset=\"https:\/\/fronteirameubles.com\/wp-content\/uploads\/2025\/04\/ccc0e057-7a9a-4b23-a21f-722e0279d782.jpg 641w, https:\/\/fronteirameubles.com\/wp-content\/uploads\/2025\/04\/ccc0e057-7a9a-4b23-a21f-722e0279d782-200x300.jpg 200w, https:\/\/fronteirameubles.com\/wp-content\/uploads\/2025\/04\/ccc0e057-7a9a-4b23-a21f-722e0279d782-8x12.jpg 8w, https:\/\/fronteirameubles.com\/wp-content\/uploads\/2025\/04\/ccc0e057-7a9a-4b23-a21f-722e0279d782-600x899.jpg 600w\" sizes=\"(max-width: 641px) 100vw, 641px\" \/>\t\t\t\t\t\t\t\t\t\t\t\t\t\t\t<\/div>\n\t\t\t\t<\/div>\n\t\t\t\t<\/div>\n\t\t<div class=\"elementor-element elementor-element-eccb7e7 e-con-full e-flex e-con e-child\" data-id=\"eccb7e7\" data-element_type=\"container\" data-e-type=\"container\">\n\t\t\t\t<div class=\"elementor-element elementor-element-b1d31af elementor-widget__width-initial abparallaxleft10 elementor-widget elementor-widget-heading\" data-id=\"b1d31af\" data-element_type=\"widget\" data-e-type=\"widget\" data-widget_type=\"heading.default\">\n\t\t\t\t<div class=\"elementor-widget-container\">\n\t\t\t\t\t<h2 class=\"elementor-heading-title elementor-size-default\">Materiais de excel\u00eancia<\/h2>\t\t\t\t<\/div>\n\t\t\t\t<\/div>\n\t\t<div class=\"elementor-element elementor-element-9f75de8 e-con-full e-flex e-con e-child\" data-id=\"9f75de8\" data-element_type=\"container\" data-e-type=\"container\" data-settings=\"{&quot;background_background&quot;:&quot;classic&quot;}\">\n\t\t\t\t<div class=\"elementor-element elementor-element-93774b3 elementor-widget elementor-widget-text-editor\" data-id=\"93774b3\" data-element_type=\"widget\" data-e-type=\"widget\" data-widget_type=\"text-editor.default\">\n\t\t\t\t<div class=\"elementor-widget-container\">\n\t\t\t\t\t\t\t\t\t<p>Selecionamos madeiras, pedras e acabamentos que elevam qualquer ambiente.<\/p>\t\t\t\t\t\t\t\t<\/div>\n\t\t\t\t<\/div>\n\t\t\t\t<\/div>\n\t\t\t\t<\/div>\n\t\t\t\t\t<\/div>\n\t\t\t\t<\/div>\n\t\t<div class=\"elementor-element elementor-element-dcc9a34 e-flex e-con-boxed e-con e-parent\" data-id=\"dcc9a34\" data-element_type=\"container\" data-e-type=\"container\" data-settings=\"{&quot;background_background&quot;:&quot;classic&quot;}\">\n\t\t\t\t\t<div class=\"e-con-inner\">\n\t\t<div class=\"elementor-element elementor-element-03ad265 e-con-full e-flex e-con e-child\" data-id=\"03ad265\" data-element_type=\"container\" data-e-type=\"container\" data-settings=\"{&quot;background_background&quot;:&quot;classic&quot;}\">\n\t\t\t\t<div class=\"elementor-element elementor-element-5d68469 abparallaxup20 elementor-widget__width-inherit elementor-widget elementor-widget-image\" data-id=\"5d68469\" data-element_type=\"widget\" data-e-type=\"widget\" data-widget_type=\"image.default\">\n\t\t\t\t<div class=\"elementor-widget-container\">\n\t\t\t\t\t\t\t\t\t\t\t\t\t\t\t<img decoding=\"async\" width=\"1710\" height=\"2560\" src=\"https:\/\/fronteirameubles.com\/wp-content\/uploads\/2025\/04\/DSC06678-1-scaled.png\" class=\"attachment-full size-full wp-image-1312\" alt=\"\" srcset=\"https:\/\/fronteirameubles.com\/wp-content\/uploads\/2025\/04\/DSC06678-1-scaled.png 1710w, https:\/\/fronteirameubles.com\/wp-content\/uploads\/2025\/04\/DSC06678-1-200x300.png 200w, https:\/\/fronteirameubles.com\/wp-content\/uploads\/2025\/04\/DSC06678-1-684x1024.png 684w, https:\/\/fronteirameubles.com\/wp-content\/uploads\/2025\/04\/DSC06678-1-768x1150.png 768w\" sizes=\"(max-width: 1710px) 100vw, 1710px\" \/>\t\t\t\t\t\t\t\t\t\t\t\t\t\t\t<\/div>\n\t\t\t\t<\/div>\n\t\t\t\t<\/div>\n\t\t<div class=\"elementor-element elementor-element-1369359 e-con-full e-flex e-con e-child\" data-id=\"1369359\" data-element_type=\"container\" data-e-type=\"container\">\n\t\t\t\t<div class=\"elementor-element elementor-element-fec729d elementor-widget__width-initial abparallaxright10 elementor-widget elementor-widget-heading\" data-id=\"fec729d\" data-element_type=\"widget\" data-e-type=\"widget\" data-widget_type=\"heading.default\">\n\t\t\t\t<div class=\"elementor-widget-container\">\n\t\t\t\t\t<h2 class=\"elementor-heading-title elementor-size-default\">Execu\u00e7\u00e3o artesanal<\/h2>\t\t\t\t<\/div>\n\t\t\t\t<\/div>\n\t\t<div class=\"elementor-element elementor-element-147ac9f e-con-full e-flex e-con e-child\" data-id=\"147ac9f\" data-element_type=\"container\" data-e-type=\"container\" data-settings=\"{&quot;background_background&quot;:&quot;classic&quot;}\">\n\t\t\t\t<div class=\"elementor-element elementor-element-d119807 elementor-widget elementor-widget-text-editor\" data-id=\"d119807\" data-element_type=\"widget\" data-e-type=\"widget\" data-widget_type=\"text-editor.default\">\n\t\t\t\t<div class=\"elementor-widget-container\">\n\t\t\t\t\t\t\t\t\t<p>Produ\u00e7\u00e3o com precis\u00e3o, cuidado e respeito pelas t\u00e9cnicas tradicionais e contempor\u00e2neas.<\/p>\t\t\t\t\t\t\t\t<\/div>\n\t\t\t\t<\/div>\n\t\t\t\t<\/div>\n\t\t\t\t<\/div>\n\t\t\t\t\t<\/div>\n\t\t\t\t<\/div>\n\t\t<div class=\"elementor-element elementor-element-c02162a e-flex e-con-boxed e-con e-parent\" data-id=\"c02162a\" data-element_type=\"container\" data-e-type=\"container\" data-settings=\"{&quot;background_background&quot;:&quot;classic&quot;}\">\n\t\t\t\t\t<div class=\"e-con-inner\">\n\t\t<div class=\"elementor-element elementor-element-6a605fb e-con-full e-flex e-con e-child\" data-id=\"6a605fb\" data-element_type=\"container\" data-e-type=\"container\" data-settings=\"{&quot;background_background&quot;:&quot;classic&quot;}\">\n\t\t\t\t<div class=\"elementor-element elementor-element-9a952fb abparallaxup20 elementor-widget__width-inherit elementor-widget elementor-widget-image\" data-id=\"9a952fb\" data-element_type=\"widget\" data-e-type=\"widget\" data-widget_type=\"image.default\">\n\t\t\t\t<div class=\"elementor-widget-container\">\n\t\t\t\t\t\t\t\t\t\t\t\t\t\t\t<img decoding=\"async\" width=\"1365\" height=\"2048\" src=\"https:\/\/fronteirameubles.com\/wp-content\/uploads\/2025\/12\/49.jpg\" class=\"attachment-full size-full wp-image-2011\" alt=\"\" srcset=\"https:\/\/fronteirameubles.com\/wp-content\/uploads\/2025\/12\/49.jpg 1365w, https:\/\/fronteirameubles.com\/wp-content\/uploads\/2025\/12\/49-200x300.jpg 200w, https:\/\/fronteirameubles.com\/wp-content\/uploads\/2025\/12\/49-683x1024.jpg 683w, https:\/\/fronteirameubles.com\/wp-content\/uploads\/2025\/12\/49-768x1152.jpg 768w, https:\/\/fronteirameubles.com\/wp-content\/uploads\/2025\/12\/49-1024x1536.jpg 1024w, https:\/\/fronteirameubles.com\/wp-content\/uploads\/2025\/12\/49-8x12.jpg 8w\" sizes=\"(max-width: 1365px) 100vw, 1365px\" \/>\t\t\t\t\t\t\t\t\t\t\t\t\t\t\t<\/div>\n\t\t\t\t<\/div>\n\t\t\t\t<\/div>\n\t\t<div class=\"elementor-element elementor-element-78716da e-con-full e-flex e-con e-child\" data-id=\"78716da\" data-element_type=\"container\" data-e-type=\"container\">\n\t\t\t\t<div class=\"elementor-element elementor-element-660f40e elementor-widget__width-initial abparallaxleft10 elementor-widget elementor-widget-heading\" data-id=\"660f40e\" data-element_type=\"widget\" data-e-type=\"widget\" data-widget_type=\"heading.default\">\n\t\t\t\t<div class=\"elementor-widget-container\">\n\t\t\t\t\t<h2 class=\"elementor-heading-title elementor-size-default\">Parceria com profissionais<\/h2>\t\t\t\t<\/div>\n\t\t\t\t<\/div>\n\t\t<div class=\"elementor-element elementor-element-4a16eea e-con-full e-flex e-con e-child\" data-id=\"4a16eea\" data-element_type=\"container\" data-e-type=\"container\" data-settings=\"{&quot;background_background&quot;:&quot;classic&quot;}\">\n\t\t\t\t<div class=\"elementor-element elementor-element-ae0d850 elementor-widget elementor-widget-text-editor\" data-id=\"ae0d850\" data-element_type=\"widget\" data-e-type=\"widget\" data-widget_type=\"text-editor.default\">\n\t\t\t\t<div class=\"elementor-widget-container\">\n\t\t\t\t\t\t\t\t\t<p>Trabalhamos em sintonia com arquitetos e designers, respeitando cada detalhe do projeto.<\/p>\t\t\t\t\t\t\t\t<\/div>\n\t\t\t\t<\/div>\n\t\t\t\t<\/div>\n\t\t\t\t<\/div>\n\t\t\t\t\t<\/div>\n\t\t\t\t<\/div>\n\t\t<div class=\"elementor-element elementor-element-3787036 e-flex e-con-boxed e-con e-parent\" data-id=\"3787036\" data-element_type=\"container\" data-e-type=\"container\" data-settings=\"{&quot;background_background&quot;:&quot;classic&quot;}\">\n\t\t\t\t\t<div class=\"e-con-inner\">\n\t\t<div class=\"elementor-element elementor-element-52933a0 e-con-full e-flex e-con e-child\" data-id=\"52933a0\" data-element_type=\"container\" data-e-type=\"container\" data-settings=\"{&quot;background_background&quot;:&quot;classic&quot;}\">\n\t\t\t\t<div class=\"elementor-element elementor-element-86aa7a1 abparallaxup20 elementor-widget__width-inherit elementor-widget elementor-widget-image\" data-id=\"86aa7a1\" data-element_type=\"widget\" data-e-type=\"widget\" data-widget_type=\"image.default\">\n\t\t\t\t<div class=\"elementor-widget-container\">\n\t\t\t\t\t\t\t\t\t\t\t\t\t\t\t<img loading=\"lazy\" decoding=\"async\" width=\"1080\" height=\"1000\" src=\"https:\/\/fronteirameubles.com\/wp-content\/uploads\/2025\/05\/Firefly-20250515175338.png\" class=\"attachment-full size-full wp-image-1602\" alt=\"\" srcset=\"https:\/\/fronteirameubles.com\/wp-content\/uploads\/2025\/05\/Firefly-20250515175338.png 1080w, https:\/\/fronteirameubles.com\/wp-content\/uploads\/2025\/05\/Firefly-20250515175338-300x278.png 300w, https:\/\/fronteirameubles.com\/wp-content\/uploads\/2025\/05\/Firefly-20250515175338-1024x948.png 1024w, https:\/\/fronteirameubles.com\/wp-content\/uploads\/2025\/05\/Firefly-20250515175338-768x711.png 768w, https:\/\/fronteirameubles.com\/wp-content\/uploads\/2025\/05\/Firefly-20250515175338-13x12.png 13w\" sizes=\"(max-width: 1080px) 100vw, 1080px\" \/>\t\t\t\t\t\t\t\t\t\t\t\t\t\t\t<\/div>\n\t\t\t\t<\/div>\n\t\t\t\t<\/div>\n\t\t<div class=\"elementor-element elementor-element-a1c6b98 e-con-full e-flex e-con e-child\" data-id=\"a1c6b98\" data-element_type=\"container\" data-e-type=\"container\">\n\t\t\t\t<div class=\"elementor-element elementor-element-0a6c4df elementor-widget__width-initial abparallaxright10 elementor-widget elementor-widget-heading\" data-id=\"0a6c4df\" data-element_type=\"widget\" data-e-type=\"widget\" data-widget_type=\"heading.default\">\n\t\t\t\t<div class=\"elementor-widget-container\">\n\t\t\t\t\t<h2 class=\"elementor-heading-title elementor-size-default\">Entrega e montagem especializada<\/h2>\t\t\t\t<\/div>\n\t\t\t\t<\/div>\n\t\t<div class=\"elementor-element elementor-element-e15d069 e-con-full e-flex e-con e-child\" data-id=\"e15d069\" data-element_type=\"container\" data-e-type=\"container\" data-settings=\"{&quot;background_background&quot;:&quot;classic&quot;}\">\n\t\t\t\t<div class=\"elementor-element elementor-element-6d61ff0 elementor-widget-mobile__width-inherit elementor-widget elementor-widget-text-editor\" data-id=\"6d61ff0\" data-element_type=\"widget\" data-e-type=\"widget\" data-widget_type=\"text-editor.default\">\n\t\t\t\t<div class=\"elementor-widget-container\">\n\t\t\t\t\t\t\t\t\t<p>Garantimos que cada pe\u00e7a \u00e9 entregue e montada com o mesmo rigor com que foi fabricada.<\/p>\t\t\t\t\t\t\t\t<\/div>\n\t\t\t\t<\/div>\n\t\t\t\t<\/div>\n\t\t\t\t<\/div>\n\t\t\t\t\t<\/div>\n\t\t\t\t<\/div>\n\t\t<div class=\"elementor-element elementor-element-98089a2 e-flex e-con-boxed e-con e-parent\" data-id=\"98089a2\" data-element_type=\"container\" data-e-type=\"container\" data-settings=\"{&quot;background_background&quot;:&quot;classic&quot;}\">\n\t\t\t\t\t<div class=\"e-con-inner\">\n\t\t\t\t<div class=\"elementor-element elementor-element-7026341 elementor-widget__width-initial elementor-widget elementor-widget-heading\" data-id=\"7026341\" data-element_type=\"widget\" data-e-type=\"widget\" data-widget_type=\"heading.default\">\n\t\t\t\t<div class=\"elementor-widget-container\">\n\t\t\t\t\t<h2 class=\"elementor-heading-title elementor-size-default\">Pronto para dar vida ao seu pr\u00f3ximo projeto?<\/h2>\t\t\t\t<\/div>\n\t\t\t\t<\/div>\n\t\t\t\t<div class=\"elementor-element elementor-element-35cff4f elementor-widget elementor-widget-shortcode\" data-id=\"35cff4f\" data-element_type=\"widget\" data-e-type=\"widget\" data-widget_type=\"shortcode.default\">\n\t\t\t\t<div class=\"elementor-widget-container\">\n\t\t\t\t\t\t\t<div class=\"elementor-shortcode\">\n<div class=\"wpcf7 no-js\" id=\"wpcf7-f2006-o1\" lang=\"pt-PT\" dir=\"ltr\" data-wpcf7-id=\"2006\">\n<div class=\"screen-reader-response\"><p role=\"status\" aria-live=\"polite\" aria-atomic=\"true\"><\/p> <ul><\/ul><\/div>\n<form action=\"\/fr\/wp-json\/wp\/v2\/pages\/10#wpcf7-f2006-o1\" method=\"post\" class=\"wpcf7-form init\" aria-label=\"Formul\u00e1rio de contacto\" novalidate=\"novalidate\" data-status=\"init\">\n<fieldset class=\"hidden-fields-container\"><input type=\"hidden\" name=\"_wpcf7\" value=\"2006\" \/><input type=\"hidden\" name=\"_wpcf7_version\" value=\"6.1.5\" \/><input type=\"hidden\" name=\"_wpcf7_locale\" value=\"pt_PT\" \/><input type=\"hidden\" name=\"_wpcf7_unit_tag\" value=\"wpcf7-f2006-o1\" \/><input type=\"hidden\" name=\"_wpcf7_container_post\" value=\"0\" \/><input type=\"hidden\" name=\"_wpcf7_posted_data_hash\" value=\"\" \/>\n<\/fieldset>\n<p><label><br \/>\n<span class=\"wpcf7-form-control-wrap\" data-name=\"email-newsletter\"><input size=\"40\" maxlength=\"400\" class=\"wpcf7-form-control wpcf7-email wpcf7-validates-as-required wpcf7-text wpcf7-validates-as-email\" aria-required=\"true\" aria-invalid=\"false\" placeholder=\"O seu email\" value=\"\" type=\"email\" name=\"email-newsletter\" \/><\/span><br \/>\n<\/label>\n<\/p>\n<p><span class=\"wpcf7-form-control-wrap\" data-name=\"aceita-politica\"><span class=\"wpcf7-form-control wpcf7-acceptance\"><span class=\"wpcf7-list-item\"><label><input type=\"checkbox\" name=\"aceita-politica\" value=\"1\" aria-invalid=\"false\" \/><span class=\"wpcf7-list-item-label\">Li e aceito a <a href=\"https:\/\/fronteirameubles.com\/politica-privacidade\/\" target=\"_blank\">pol\u00edtica de privacidade<\/a><\/span><\/label><\/span><\/span><\/span>\n<\/p>\n<p><input class=\"wpcf7-form-control wpcf7-submit has-spinner\" type=\"submit\" value=\"Subscrever newsletter\" \/>\n<\/p><div class=\"wpcf7-response-output\" aria-hidden=\"true\"><\/div>\n<\/form>\n<\/div>\n<\/div>\n\t\t\t\t\t\t<\/div>\n\t\t\t\t<\/div>\n\t\t\t\t<div class=\"elementor-element elementor-element-117933f elementor-widget__width-initial elementor-widget-mobile__width-inherit elementor-widget elementor-widget-text-editor\" data-id=\"117933f\" data-element_type=\"widget\" data-e-type=\"widget\" data-widget_type=\"text-editor.default\">\n\t\t\t\t<div class=\"elementor-widget-container\">\n\t\t\t\t\t\t\t\t\t<p><strong>Queremos fazer parte da sua vis\u00e3o.<\/strong><\/p>\t\t\t\t\t\t\t\t<\/div>\n\t\t\t\t<\/div>\n\t\t\t\t<div class=\"elementor-element elementor-element-093be57 elementor-widget__width-initial elementor-widget-mobile__width-inherit elementor-widget elementor-widget-text-editor\" data-id=\"093be57\" data-element_type=\"widget\" data-e-type=\"widget\" data-widget_type=\"text-editor.default\">\n\t\t\t\t<div class=\"elementor-widget-container\">\n\t\t\t\t\t\t\t\t\t<p>Contacte-nos para saber como podemos apoiar o seu pr\u00f3ximo projeto com mobili\u00e1rio feito \u00e0 medida, com rigor, paix\u00e3o e excel\u00eancia.<\/p>\t\t\t\t\t\t\t\t<\/div>\n\t\t\t\t<\/div>\n\t\t\t\t\t<\/div>\n\t\t\t\t<\/div>\n\t\t\t\t<\/div>\n\t\t","protected":false},"excerpt":{"rendered":"<p>Mobili\u00e1rio por medida que d\u00e1 forma \u00e0 vis\u00e3o de arquitetos e designers. Criamos pe\u00e7as \u00fanicas com materiais nobres e acabamentos de excel\u00eancia. Veja Mais Materiais de excel\u00eancia Selecionamos madeiras, pedras e acabamentos que elevam qualquer ambiente. Execu\u00e7\u00e3o artesanal Produ\u00e7\u00e3o com precis\u00e3o, cuidado e respeito pelas t\u00e9cnicas tradicionais e contempor\u00e2neas. Parceria com profissionais Trabalhamos em sintonia [&hellip;]<\/p>\n","protected":false},"author":1,"featured_media":0,"parent":0,"menu_order":0,"comment_status":"closed","ping_status":"closed","template":"elementor_canvas","meta":{"footnotes":""},"class_list":["post-10","page","type-page","status-publish","hentry"],"_links":{"self":[{"href":"https:\/\/fronteirameubles.com\/fr\/wp-json\/wp\/v2\/pages\/10","targetHints":{"allow":["GET"]}}],"collection":[{"href":"https:\/\/fronteirameubles.com\/fr\/wp-json\/wp\/v2\/pages"}],"about":[{"href":"https:\/\/fronteirameubles.com\/fr\/wp-json\/wp\/v2\/types\/page"}],"author":[{"embeddable":true,"href":"https:\/\/fronteirameubles.com\/fr\/wp-json\/wp\/v2\/users\/1"}],"replies":[{"embeddable":true,"href":"https:\/\/fronteirameubles.com\/fr\/wp-json\/wp\/v2\/comments?post=10"}],"version-history":[{"count":349,"href":"https:\/\/fronteirameubles.com\/fr\/wp-json\/wp\/v2\/pages\/10\/revisions"}],"predecessor-version":[{"id":2014,"href":"https:\/\/fronteirameubles.com\/fr\/wp-json\/wp\/v2\/pages\/10\/revisions\/2014"}],"wp:attachment":[{"href":"https:\/\/fronteirameubles.com\/fr\/wp-json\/wp\/v2\/media?parent=10"}],"curies":[{"name":"wp","href":"https:\/\/api.w.org\/{rel}","templated":true}]}}